{"id":696,"date":"2023-05-03T12:25:02","date_gmt":"2023-05-03T10:25:02","guid":{"rendered":"https:\/\/cosyterroir.com\/?page_id=696"},"modified":"2024-05-15T13:59:21","modified_gmt":"2024-05-15T11:59:21","slug":"reservation","status":"publish","type":"page","link":"https:\/\/cosyterroir.com\/en\/reservation\/","title":{"rendered":"Book your next stay\u00a0!"},"content":{"rendered":"<div data-elementor-type=\"wp-page\" data-elementor-id=\"696\" class=\"elementor elementor-696\" data-elementor-post-type=\"page\">\n\t\t\t\t<div class=\"elementor-element elementor-element-3808a6f e-flex e-con-boxed e-con e-parent\" data-id=\"3808a6f\" data-element_type=\"container\" data-e-type=\"container\" data-settings=\"{&quot;background_background&quot;:&quot;classic&quot;}\">\n\t\t\t\t\t<div class=\"e-con-inner\">\n\t\t\t\t<div class=\"elementor-element elementor-element-509b572 elementor-cta--skin-cover elementor-widget elementor-widget-call-to-action\" data-id=\"509b572\" data-element_type=\"widget\" data-e-type=\"widget\" data-widget_type=\"call-to-action.default\">\n\t\t\t\t<div class=\"elementor-widget-container\">\n\t\t\t\t\t\t\t<div class=\"elementor-cta\">\n\t\t\t\t\t<div class=\"elementor-cta__bg-wrapper\">\n\t\t\t\t<div class=\"elementor-cta__bg elementor-bg\" style=\"background-image: url();\" role=\"img\" aria-label=\"\"><\/div>\n\t\t\t\t<div class=\"elementor-cta__bg-overlay\"><\/div>\n\t\t\t<\/div>\n\t\t\t\t\t\t\t<div class=\"elementor-cta__content\">\n\t\t\t\t\n\t\t\t\t\t\t\t\t\t<h2 class=\"elementor-cta__title elementor-cta__content-item elementor-content-item\">\n\t\t\t\t\t\tBook your next stay\u00a0!\t\t\t\t\t<\/h2>\n\t\t\t\t\n\t\t\t\t\t\t\t\t\t<div class=\"elementor-cta__description elementor-cta__content-item elementor-content-item\">\n\t\t\t\t\t\tCheck without delay the availability of Cosy Terroir tourist accommodation.\t\t\t\t\t<\/div>\n\t\t\t\t\n\t\t\t\t\t\t\t<\/div>\n\t\t\t\t\t\t<\/div>\n\t\t\t\t\t\t<\/div>\n\t\t\t\t<\/div>\n\t\t\t\t\t<\/div>\n\t\t\t\t<\/div>\n\t\t<div class=\"elementor-element elementor-element-0f6660d e-con-full e-flex e-con e-parent\" data-id=\"0f6660d\" data-element_type=\"container\" data-e-type=\"container\">\n\t\t\t\t<div class=\"elementor-element elementor-element-4615ede elementor-widget elementor-widget-html\" data-id=\"4615ede\" data-element_type=\"widget\" data-e-type=\"widget\" data-widget_type=\"html.default\">\n\t\t\t\t<div class=\"elementor-widget-container\">\n\t\t\t\t\t<iframe id=\"bookingengine\" allowfullscreen src=\"https:\/\/app.superhote.com\/#\/get-available-rentals\/MeITK5HsunKSvPmXiRwiAAKnU\" style=\"display:block\" width=\"100%\" height=\"3500\"frameborder=\"0\"><\/iframe><iframe id=\"bookingengine\" style=\"display: block;\" src=\"\" width=\"100%\" height=\"0\" frameborder=\"0\" scrolling=\"no\" allowfullscreen=\"allowfullscreen\"><\/iframe>\n<script>\nvar url = new URL(window.location.href);\nvar appart = url.searchParams.get(\"appart\");\nvar checkin = url.searchParams.get(\"checkin\");\nvar checkout = url.searchParams.get(\"checkout\");\nvar adults = url.searchParams.get(\"adults\");\nvar children = url.searchParams.get(\"children\");\nvar lang = url.searchParams.get(\"lang\");\nif(lang == null)\n    lang = \"fr\";\nif(appart == null) {\nvar iframeUrl = \"https:\/\/app.superhote.com\/#\/get-available-rentals\/MeITK5HsunKSvPmXiRwiAAKnU\"+\"?startDate=\" + checkin + \"&endDate=\" + checkout + \"&adultsNumber=\" + adults + \"&childrenNumber=\" + children; + \"&lang=\" + lang;\nif(checkin == null) iframeUrl = \"https:\/\/app.superhote.com\/#\/get-available-rentals\/MeITK5HsunKSvPmXiRwiAAKnU\" + \"?lang=\" + lang;\ndocument.getElementById('bookingengine').src = iframeUrl;\n} else {\nvar iframeUrl = \"https:\/\/app.superhote.com\/#\/get-available-rentals\/MeITK5HsunKSvPmXiRwiAAKnU\" + \"?lang=\" + lang;\ndocument.getElementById('bookingengine').src = iframeUrl;\n} <\/script>\n\n<style>\n.main-content-container{\n    width:100%;\nmax-width:100%;\n    padding:0;\nmargin:0:\n}\n.gdlr-main-content{\n    margin:0 !important;\n}\n.gdlr-main-content p{\n    margin:0 !important;\n}\n.body-wrapper.gdlr-header-transparent .gdlr-page-title-wrapper{\n    padding-top: 120px;\n    padding-bottom: 40px;\n}\n<\/style>\n\t\t\t\t<\/div>\n\t\t\t\t<\/div>\n\t\t\t\t<\/div>\n\t\t\t\t<\/div>","protected":false},"excerpt":{"rendered":"<p>V\u00e9rifiez la disponibilit\u00e9 de nos logements, et r\u00e9servez sans tarder votre prochain s\u00e9jour !<\/p>","protected":false},"author":6,"featured_media":4529,"parent":0,"menu_order":0,"comment_status":"closed","ping_status":"closed","template":"","meta":{"footnotes":""},"class_list":["post-696","page","type-page","status-publish","has-post-thumbnail","hentry"],"_links":{"self":[{"href":"https:\/\/cosyterroir.com\/en\/wp-json\/wp\/v2\/pages\/696","targetHints":{"allow":["GET"]}}],"collection":[{"href":"https:\/\/cosyterroir.com\/en\/wp-json\/wp\/v2\/pages"}],"about":[{"href":"https:\/\/cosyterroir.com\/en\/wp-json\/wp\/v2\/types\/page"}],"author":[{"embeddable":true,"href":"https:\/\/cosyterroir.com\/en\/wp-json\/wp\/v2\/users\/6"}],"replies":[{"embeddable":true,"href":"https:\/\/cosyterroir.com\/en\/wp-json\/wp\/v2\/comments?post=696"}],"version-history":[{"count":28,"href":"https:\/\/cosyterroir.com\/en\/wp-json\/wp\/v2\/pages\/696\/revisions"}],"predecessor-version":[{"id":5231,"href":"https:\/\/cosyterroir.com\/en\/wp-json\/wp\/v2\/pages\/696\/revisions\/5231"}],"wp:featuredmedia":[{"embeddable":true,"href":"https:\/\/cosyterroir.com\/en\/wp-json\/wp\/v2\/media\/4529"}],"wp:attachment":[{"href":"https:\/\/cosyterroir.com\/en\/wp-json\/wp\/v2\/media?parent=696"}],"curies":[{"name":"wp","href":"https:\/\/api.w.org\/{rel}","templated":true}]}}